{"id":30,"date":"2017-03-14T17:11:31","date_gmt":"2017-03-14T16:11:31","guid":{"rendered":"http:\/\/www.wagner-weingut.de\/?page_id=30"},"modified":"2021-02-26T22:22:33","modified_gmt":"2021-02-26T21:22:33","slug":"landing","status":"publish","type":"page","link":"https:\/\/www.wagner-weingut.de\/en\/","title":{"rendered":""},"content":{"rendered":"<div class=\"wpb-content-wrapper\"><div class=\"vc-row-container container\"><div class=\"vc_row wpb_row vc_row-fluid\"><div class=\"wpb_column vc_column_container vc_col-sm-12\"><div class=\"vc_column-inner\"><div class=\"wpb_wrapper\"><div class=\"wpb_layerslider_element wpb_content_element\"><div id=\"layerslider_1_eropyygbayc2\" class=\"ls-wp-container fitvidsignore\" style=\"width:1280px;height:100vh;margin:0 auto;margin-bottom: 0px;\"><div class=\"ls-slide\" data-ls=\"transition2d:1;\"><img width=\"1800\" height=\"751\" src=\"https:\/\/www.wagner-weingut.de\/wp-content\/uploads\/kaiserstuhl-peter-wagner-lehen-blick-hoch-koenigsburg.jpg\" class=\"ls-bg\" alt=\"\" decoding=\"async\" srcset=\"https:\/\/www.wagner-weingut.de\/wp-content\/uploads\/kaiserstuhl-peter-wagner-lehen-blick-hoch-koenigsburg.jpg 1800w, https:\/\/www.wagner-weingut.de\/wp-content\/uploads\/kaiserstuhl-peter-wagner-lehen-blick-hoch-koenigsburg-550x229.jpg 550w, https:\/\/www.wagner-weingut.de\/wp-content\/uploads\/kaiserstuhl-peter-wagner-lehen-blick-hoch-koenigsburg-820x342.jpg 820w, https:\/\/www.wagner-weingut.de\/wp-content\/uploads\/kaiserstuhl-peter-wagner-lehen-blick-hoch-koenigsburg-300x125.jpg 300w, https:\/\/www.wagner-weingut.de\/wp-content\/uploads\/kaiserstuhl-peter-wagner-lehen-blick-hoch-koenigsburg-1024x427.jpg 1024w, https:\/\/www.wagner-weingut.de\/wp-content\/uploads\/kaiserstuhl-peter-wagner-lehen-blick-hoch-koenigsburg-768x320.jpg 768w, https:\/\/www.wagner-weingut.de\/wp-content\/uploads\/kaiserstuhl-peter-wagner-lehen-blick-hoch-koenigsburg-1536x641.jpg 1536w, https:\/\/www.wagner-weingut.de\/wp-content\/uploads\/kaiserstuhl-peter-wagner-lehen-blick-hoch-koenigsburg-1612x673.jpg 1612w, https:\/\/www.wagner-weingut.de\/wp-content\/uploads\/kaiserstuhl-peter-wagner-lehen-blick-hoch-koenigsburg-1116x466.jpg 1116w, https:\/\/www.wagner-weingut.de\/wp-content\/uploads\/kaiserstuhl-peter-wagner-lehen-blick-hoch-koenigsburg-806x336.jpg 806w, https:\/\/www.wagner-weingut.de\/wp-content\/uploads\/kaiserstuhl-peter-wagner-lehen-blick-hoch-koenigsburg-558x233.jpg 558w, https:\/\/www.wagner-weingut.de\/wp-content\/uploads\/kaiserstuhl-peter-wagner-lehen-blick-hoch-koenigsburg-655x273.jpg 655w\" sizes=\"(max-width: 1800px) 100vw, 1800px\" \/><img width=\"266\" height=\"121\" src=\"https:\/\/www.wagner-weingut.de\/wp-content\/uploads\/2017\/03\/Wagner_300_transparent-1.png\" class=\"ls-l ls-img-layer\" alt=\"\" decoding=\"async\" style=\"top:76px;left:530px;text-align:initial;font-weight:400;font-style:normal;text-decoration:none;width:195px;height:95px;\" data-ls=\"showinfo:1;durationin:5000;position:relative;\"><\/div><\/div><\/div><div class=\"vc_row wpb_row vc_inner vc_row-fluid\"><div class=\"wpb_column vc_column_container vc_col-sm-6\"><div class=\"vc_column-inner\"><div class=\"wpb_wrapper\">\n\t<div  class=\"wpb_single_image wpb_content_element vc_align_left\">\n\t\t\n\t\t<figure class=\"wpb_wrapper vc_figure\">\n\t\t\t<div class=\"vc_single_image-wrapper   vc_box_border_grey\"><img class=\"vc_single_image-img\" src=\"https:\/\/www.wagner-weingut.de\/wp-content\/uploads\/eichelmann-aufsteiger-des-jahres-peter-wagner-600x732.jpg\" width=\"600\" height=\"732\" alt=\"eichelmann-aufsteiger-des-jahres-peter-wagner\" title=\"eichelmann-aufsteiger-des-jahres-peter-wagner\" loading=\"lazy\" \/><\/div>\n\t\t<\/figure>\n\t<\/div>\n<\/div><\/div><\/div><div class=\"wpb_column vc_column_container vc_col-sm-6\"><div class=\"vc_column-inner\"><div class=\"wpb_wrapper\">\n\t<div class=\"wpb_text_column wpb_content_element  post-formatting\" >\n\t\t<div class=\"wpb_wrapper\">\n\t\t\t<h2 class=\"p1\">Peter Wagner ist<br \/>\nAufsteiger des Jahres<\/h2>\n<p class=\"p3\"><b>Oberrotweiler Winzer im neuen Eichelmann ausgezeichnet<\/b><\/p>\n<p class=\"p5\">Von Null auf 100 Hundert: Erst seit drei Jahren macht Peter Wagner eigenen Wein im elterlichen Betrieb in Oberrotweil, nun wird er schon im bekanntesten deutschen Weinf\u00fchrer als Aufsteiger des Jahres ausgezeichnet. \u201ePeter Wagner wird ein ganz Gro\u00dfer\u201c, prognostizieren Gerhard Eichelmann und sein Team, loben die Pr\u00e4zision und Eleganz seiner Weine, den mineralischen Druck. Sp\u00e4tburgunder spielt die Hauptrolle im Oberrotweiler Weingut, dann folgt Grauburgunder, Chardonnay soll zuk\u00fcnftig wichtiger werden, dazu gibt es Wei\u00dfburgunder und M\u00fcller-Thurgau. Die Weinberge bearbeiten Peter Wagner und sein Vater biologisch und biodynamisch, in diesem Jahr haben sie die Zertifizierung begonnen.<\/p>\n<p class=\"p5\">Im Jahrgang 2017 hat Peter Wagner seine ersten Weine erzeugt, die im Jahr darauf auf den Markt kamen, auf Anhieb wurde er im Eichelmann-Weinf\u00fchrer mit 2 Sternen ausgezeichnet, der H\u00f6chstnote f\u00fcr neue Weing\u00fcter. Seither hat er Jahr f\u00fcr Jahr zugelegt, mit seinen Lagen-Weinen von Sp\u00e4tburgunder und Grauburgunder schlie\u00dft er schon jetzt zu den etablierten Kaiserst\u00fchler Spitzen-Weing\u00fctern auf, seine Gutsweine und die Oberrotweiler Ortsweine zeigen die gleiche klare Handschrift. Alle Weine werden trocken und durchgegoren ausgebaut und lange auf der Hefe gelagert, sie werden nicht gesch\u00f6nt oder filtriert.<\/p>\n\n\t\t<\/div>\n\t<\/div>\n\n\t<div  class=\"wpb_single_image wpb_content_element vc_align_left\">\n\t\t\n\t\t<figure class=\"wpb_wrapper vc_figure\">\n\t\t\t<div class=\"vc_single_image-wrapper   vc_box_border_grey\"><img width=\"300\" height=\"267\" src=\"https:\/\/www.wagner-weingut.de\/wp-content\/uploads\/Gerhard-EichelmannPeter-Wagner-300x267.jpg\" class=\"vc_single_image-img attachment-medium\" alt=\"\" decoding=\"async\" title=\"Gerhard-Eichelmann+Peter-Wagner\" loading=\"lazy\" srcset=\"https:\/\/www.wagner-weingut.de\/wp-content\/uploads\/Gerhard-EichelmannPeter-Wagner-300x267.jpg 300w, https:\/\/www.wagner-weingut.de\/wp-content\/uploads\/Gerhard-EichelmannPeter-Wagner-550x489.jpg 550w, https:\/\/www.wagner-weingut.de\/wp-content\/uploads\/Gerhard-EichelmannPeter-Wagner-820x729.jpg 820w, https:\/\/www.wagner-weingut.de\/wp-content\/uploads\/Gerhard-EichelmannPeter-Wagner-1024x910.jpg 1024w, https:\/\/www.wagner-weingut.de\/wp-content\/uploads\/Gerhard-EichelmannPeter-Wagner-768x683.jpg 768w, https:\/\/www.wagner-weingut.de\/wp-content\/uploads\/Gerhard-EichelmannPeter-Wagner-1536x1365.jpg 1536w, https:\/\/www.wagner-weingut.de\/wp-content\/uploads\/Gerhard-EichelmannPeter-Wagner-1116x992.jpg 1116w, https:\/\/www.wagner-weingut.de\/wp-content\/uploads\/Gerhard-EichelmannPeter-Wagner-806x716.jpg 806w, https:\/\/www.wagner-weingut.de\/wp-content\/uploads\/Gerhard-EichelmannPeter-Wagner-558x496.jpg 558w, https:\/\/www.wagner-weingut.de\/wp-content\/uploads\/Gerhard-EichelmannPeter-Wagner-655x582.jpg 655w, https:\/\/www.wagner-weingut.de\/wp-content\/uploads\/Gerhard-EichelmannPeter-Wagner.jpg 1600w\" sizes=\"(max-width: 300px) 100vw, 300px\" \/><\/div>\n\t\t<\/figure>\n\t<\/div>\n<\/div><\/div><\/div><\/div><\/div><\/div><\/div><\/div><\/div>\n<\/div>","protected":false},"excerpt":{"rendered":"Peter Wagner ist Aufsteiger des Jahres Oberrotweiler Winzer im neuen Eichelmann ausgezeichnet Von Null auf 100 Hundert: Erst seit drei Jahren macht Peter Wagner eigenen Wein im elterlichen Betrieb in Oberrotweil, nun wird er schon im bekanntesten deutschen Weinf\u00fchrer als Aufsteiger des Jahres ausgezeichnet. \u201ePeter Wagner wird ein ganz Gro\u00dfer\u201c, prognostizieren Gerhard Eichelmann und sein&hellip;","protected":false},"author":1,"featured_media":0,"parent":0,"menu_order":0,"comment_status":"closed","ping_status":"closed","template":"","meta":{"footnotes":""},"acf":[],"_links":{"self":[{"href":"https:\/\/www.wagner-weingut.de\/en\/wp-json\/wp\/v2\/pages\/30"}],"collection":[{"href":"https:\/\/www.wagner-weingut.de\/en\/wp-json\/wp\/v2\/pages"}],"about":[{"href":"https:\/\/www.wagner-weingut.de\/en\/wp-json\/wp\/v2\/types\/page"}],"author":[{"embeddable":true,"href":"https:\/\/www.wagner-weingut.de\/en\/wp-json\/wp\/v2\/users\/1"}],"replies":[{"embeddable":true,"href":"https:\/\/www.wagner-weingut.de\/en\/wp-json\/wp\/v2\/comments?post=30"}],"version-history":[{"count":17,"href":"https:\/\/www.wagner-weingut.de\/en\/wp-json\/wp\/v2\/pages\/30\/revisions"}],"predecessor-version":[{"id":481,"href":"https:\/\/www.wagner-weingut.de\/en\/wp-json\/wp\/v2\/pages\/30\/revisions\/481"}],"wp:attachment":[{"href":"https:\/\/www.wagner-weingut.de\/en\/wp-json\/wp\/v2\/media?parent=30"}],"curies":[{"name":"wp","href":"https:\/\/api.w.org\/{rel}","templated":true}]}}