{"id":592,"date":"2021-03-22T20:49:01","date_gmt":"2021-03-22T19:49:01","guid":{"rendered":"https:\/\/www.wagner-weingut.de\/agb\/"},"modified":"2021-03-22T23:02:22","modified_gmt":"2021-03-22T22:02:22","slug":"agb","status":"publish","type":"page","link":"https:\/\/www.wagner-weingut.de\/en\/agb\/","title":{"rendered":"AGB"},"content":{"rendered":"<ol id=\"block-bb602aee-b3aa-4a9c-9075-4189d9b80f0d\"><li>Allgemeines, Geltungsbereich dieser AGB<ol type=\"a\"><li>F\u00fcr die zwischen Weingut Peter Wagner, Inhaber: Peter Wagner, Hauptstr. 32, 79235 Vogtsburg-Oberrotweil (im Nachfolgenden: WAGNER-WEINGUT genannt) und dem Besteller (im Folgenden: KUNDE genannt) geschlossenen Vertr\u00e4ge gelten die nachfolgenden Allgemeinen Gesch\u00e4ftsbedingungen. Es wird der Einbeziehung von eigenen allgemeinen Gesch\u00e4ftsbedingungen des Kunden widersprochen, es sei denn, die Parteien vereinbaren hierzu etwas anderes.<\/li><li>Die Bestellabwicklung und Kontaktaufnahme finden auch per E-Mail und automatisierter Bestellabwicklung statt. Der Kunde hat sicherzustellen, dass die von ihm angegebene E-Mail-Adresse korrekt ist, so dass unter dieser Adresse die vom Verk\u00e4ufer versandten E-Mails empfangen werden k\u00f6nnen. Beim Einsatz von SPAM-Filtern ist sicherzustellen, dass alle vom Verk\u00e4ufer oder von diesem mit der Bestellabwicklung beauftragten Dritten versandten Mails zugestellt werden k\u00f6nnen.<\/li><\/ol><\/li><li>Jugendschutz<ol type=\"a\"><li>Mit seiner Bestellung bei WAGNER-WEINGUT best\u00e4tigt der Kunde, dass er das 18. Lebensjahr vollendet hat.<\/li><li>Der Kunde ist verpflichtet, daf\u00fcr Sorge zu tragen, dass nur er selbst oder von ihm zur Entgegennahme der Lieferung erm\u00e4chtigte vollj\u00e4hrige Personen die Warenlieferung entgegennehmen. Bei der Zustellung ist der beauftragte Logistikdienstleister berechtigt, einen Altersnachweis zu verlangen.&nbsp;<\/li><li>Sofern nicht vollj\u00e4hrige Personen Bestellungen veranlassen, widerruft WAGNER-WEINGUT hiermit bereits vorsorglich den Vertrag gem. \u00a7&nbsp;109 BGB. Die f\u00fcr den unter falschen Angaben bestellenden Minderj\u00e4hrigen sorge- bzw. vertretungsberechtigten vollj\u00e4hrigen Personen haften gem\u00e4\u00df den gesetzlichen Bestimmungen f\u00fcr alle entstehenden Sch\u00e4den aus den unter falschen Angaben gemachten Bestellungen.<\/li><\/ol><\/li><li>Zustandekommen des Vertrages&nbsp;<ol type=\"a\"><li>Die Warenangebote von WAGNER-WEINGUT im Internet stellen kein verbindliches Angebot zum Abschluss eines Kaufvertrages dar, sondern eine Aufforderung zur Abgabe einer Bestellung (Kaufangebot des Kunden).&nbsp;<\/li><li>Die Bestellung \u00fcber o.g. Internet-Shop stellt jeweils ein Angebot an WAGNER-WEINGUT zum Abschluss eines Kaufvertrages dar. WAGNER-WEINGUT kann das Angebot des Kunden innerhalb von f\u00fcnf Tagen, nachdem der Kunde sein Angebot abgesendet hat, annehmen, indem WAGNER-WEINGUT dem Kunden eine Auftragsbest\u00e4tigung zukommen l\u00e4sst, wobei f\u00fcr den Vertragsschluss auf den Zugang der Auftragsbest\u00e4tigung beim Kunden oder auf die Lieferung der bestellten Ware an den Kunden (ma\u00dfgeblich hierbei ist der Zugang der Ware beim Kunden) oder auf die Zahlungsaufforderung von WAGNER-WEINGUT an den Kunden nach Abgabe der Bestellung abzustellen ist.&nbsp;<br>Liegen mehrere der vorgenannten Alternativen vor, kommt der Vertrag in dem Zeitpunkt zustande, in dem die erste Alternative eintritt.&nbsp;<br>Erfolgt innerhalb der Frist keine Annahme des Angebotes, so ist der Kunde nicht mehr an sein Angebot gebunden.<\/li><li>Der Vertragstext wird von WAGNER-WEINGUT nicht gespeichert und kann nach Abschluss des Bestellvorgangs nicht mehr abgerufen werden. Der Kunde kann die Bestelldaten aber unmittelbar vor dem Abschicken durch die Druckfunktion seines Browsers ausdrucken und erh\u00e4lt nach der Bestellung eine E-Mail, in welcher die Bestellung des Kunden nochmals aufgef\u00fchrt wird.&nbsp;<\/li><li>Die Vertragssprache ist deutsch.<\/li><\/ol><\/li><li>Bestellablauf&nbsp;Der Kunde kann sein Kaufangebot derzeit auf folgende Weise abgeben: telefonisch, schriftlich per E-Mail oder \u00fcber den WAGNER-WEINGUT Onlineshop. Die vom Kunden \u00fcbermittelten Daten werden nur f\u00fcr die Durchf\u00fchrung und Lieferung der Bestellung verwandt und von WAGNER-WEINGUT nicht an Dritte weitergegeben.&nbsp;Bei Bestellungen \u00fcber unseren Onlineshop gehen Sie folgenderma\u00dfen vor:<ol type=\"a\"><li>Geben Sie die gew\u00fcnschte Anzahl im Feld \u201eMenge\u201c eine und legen das Produkt Ihrer Wahl mittels des Buttons \u201eIn den Warenkorb\u201c in den Warenkorb.&nbsp;<\/li><li>\u00dcber die Schaltfl\u00e4che \u201eZur Kasse\u201c im rechten oberen Informationsfeld k\u00f6nnen Sie den Warenkorb jederzeit aufrufen. \u00dcberpr\u00fcfen Sie Ihre Auswahl. Die Anzahl der Flaschen k\u00f6nnen Sie \u00fcber die Auswahl des Buttons \u201eBearbeiten\u201c \u00e4ndern und die gew\u00fcnschten Anzahl des jeweiligen Produkts eingeben.&nbsp;<\/li><li>Anschlie\u00dfend k\u00f6nnen Sie den Einkauf fortsetzen oder Sie gelangen \u00fcber die Schaltfl\u00e4che \u201eZur Kasse\u201c zum n\u00e4chsten Bestellabschnitt.<\/li><li>Im n\u00e4chsten Schritt haben Sie drei Auswahlm\u00f6glichkeiten, die Bestellung aufzugeben:&nbsp;<br>(1) Bestellung als Gast aufgeben (\u201eOhne Konto bestellen\u201c).<br>oder<br>(2) Bestellen und als Kunde registrieren. Nun tragen Sie Ihre pers\u00f6nlichen Angaben ein.<br>oder<br>(3) Anmeldung f\u00fcr registrierte Kunden &#8211; \u00fcber die Eingabe der hinterlegten E-Mail-Adresse.<\/li><li>Nach Eingabe Ihrer Daten und der Auswahl der Zahlart wird Ihnen nochmals der gesamte Warenkorb angezeigt. Sollten \u00c4nderungen notwendig sein, k\u00f6nnen Sie diese noch vornehmen (\u201eAngaben \u00e4ndern\u201c).&nbsp;<\/li><li>Bevor Sie die Bestellung aufgeben, k\u00f6nnen Sie die Allgemeinen Gesch\u00e4ftsbedingungen und die Widerrufsbelehrung sowie unsere Datenschutzerkl\u00e4rung abrufen.&nbsp;<\/li><li>Abschlie\u00dfend geben Sie Ihre Bestellung mit dem Button \u201eZahlungspflichtig bestellen\u201c rechtsverbindlich auf.<\/li><\/ol><\/li><li>Preise und Zahlungsarten<ol type=\"a\"><li>Es gelten die Preise zum Zeitpunkt der Bestellung durch den Kunden. Alle Preise verstehen sich als Endpreise, also inklusive der gesetzlichen Mehrwertsteuer und ggf. der Verbrauchssteuer. Die anfallenden Versandkosten sind nicht im Kaufpreis enthalten. Zus\u00e4tzliche Kosten f\u00fcr Sonderzustellungen oder Kosten, die infolge mehrmaliger Zustellversuche entstehen, werden dem Kunden in Rechnung gestellt.<\/li><li>Als Zahlungsarten bietet WAGNER-WEINGUT derzeit folgende M\u00f6glichkeiten an:<br>&#8211; Zahlung per Vorkasse<br>&#8211; Zahlung per Rechnung<br>&#8211; Zahlung per PayPal<\/li><li>Bei Auswahl der Zahlungsart \u201eVorkasse\/\u00dcberweisung\u201c wird dem Kunden die Bankverbindung in der Auftragsbest\u00e4tigung genannt und die Ware nach Zahlungseingang gelierfert.&nbsp;<br>W\u00e4hlt der Kunde als Zahlungsart \u201e\u00dcberweisung\/Vorauskasse\u201c, reserviert WAGNER-WEINGUT die betreffende Ware nach Eingang der Bestellung f\u00fcr einen Zeitraum von 14 Tagen, beginnend mit dem Datum der Vorausrechnung. Erfolgt in diesem Zeitraum keine Zahlung, erlischt die Reservierung.<\/li><li>Bitte beachten Sie bei der Zahlungsart \u201ePayPal\u201c folgendes: Sie m\u00fcssen grunds\u00e4tzlich dort registriert sein bzw. sich erst registrieren, mit Ihren Zugangsdaten legitimieren und die Zahlungsanweisung an uns best\u00e4tigen (Ausnahme ggf. Gastzugang). Bei Zahlung mittels einer von PayPal angebotenen Zahlungsart erfolgt die Zahlungsabwicklung \u00fcber den Zahlungsdienstleister PayPal (Europe) S.\u00e0 r.l. et Cie, S.C.A., 22-24 Boulevard Royal, L-2449 Luxembourg, unter Geltung der PayPal-Nutzungsbedingungen, einsehbar unter:<br>https:\/\/www.paypal.com\/de\/webapps\/mpp\/ua\/useragreement-full&nbsp;<br>oder &#8211; falls Sie nicht \u00fcber ein PayPal-Konto verf\u00fcgen \u2013 unter Geltung der Bedingungen f\u00fcr Zahlungen ohne PayPal-Konto, einsehbar unter:<br>https:\/\/www.paypal.com\/de\/webapps\/mpp\/ua\/privacywax-full.&nbsp;<\/li><\/ol><\/li><li>VersandkostenDie Versandkosten entnimmt der Kunde aus der konkreten Angabe im Bestellablauf. Eine kostenlose Abholung im Ladengesch\u00e4ft ist m\u00f6glich.&nbsp;<\/li><li>Lieferung<ol type=\"a\"><li>Abholung im Ladengesch\u00e4ft von WAGNER-WEINGUT nach Vereinbarung (Selbstabholung).<\/li><li>Die Lieferungen erfolgen zu den zum Zeitpunkt der Bestellung geltenden Versandbedingungen an die vom Kunden angegebene Lieferadresse.&nbsp;<\/li><li>Die Lieferung erfolgt per Paketdienst oder Spedition. Die Standardlieferzeit wird mit 3-4 Werktagen angegeben, wobei eine Zustellung an Sonn- und Feiertagen ausgeschlossen wird.&nbsp;<\/li><li>Kommt der Kunde in Annahmeverzug oder verletzt er schuldhaft sonstige Mitwirkungspflichten, so ist WAGNER-WEINGUT dazu berechtigt, den hierdurch entstandenen Schaden, inklusive etwaiger Mehraufwendungen, ersetzt zu verlangen. Weitergehende Anspr\u00fcche bleiben ausdr\u00fccklich vorbehalten. Ebenso geht f\u00fcr den Fall des Annahmeverzuges durch den Besteller die Gefahr des zuf\u00e4lligen Untergangs oder der Verschlechterung der Sache auf den Besteller \u00fcber.<\/li><li>Ist der Kunde kein Verbraucher, erfolgt die Lieferung und Versendung auf seine Gefahr.<\/li><\/ol><\/li><li>WiderrufsbelehrungVerbraucher i.S.d. \u00a7 13 BGB haben ein gesetzliches Widerrufsrecht.<br>Sie haben das Recht, binnen vierzehn Tagen ohne Angabe von Gr\u00fcnden diesen Vertrag zu widerrufen. Die Widerrufsfrist betr\u00e4gt vierzehn Tage ab dem Tag, an dem Sie oder ein von Ihnen benannter Dritter, der nicht der Bef\u00f6rderer ist, die Waren in Besitz genommen haben bzw. hat. Um Ihr Widerrufsrecht auszu\u00fcben, m\u00fcssen Sie uns:WEINGUT PETER WAGNERHAUPTSTRASSE 32D-79235 VOGTSBURG OBERROTWEILKAISERSTUHL \/ BADENTel.: +49 (0)176 \/ 6401 3967E-Mail: INFO@WAGNER-WEINGUT.DE&nbsp;mittels einer eindeutigen Erkl\u00e4rung (z.B. ein mit der Post versandter Brief, Telefax oder E-Mail) \u00fcber Ihren Entschluss, diesen Vertrag zu widerrufen, informieren. Sie k\u00f6nnen daf\u00fcr das beigef\u00fcgte Muster-Widerrufsformular verwenden, das jedoch nicht vorgeschrieben ist. Zur Wahrung der Widerrufsfrist reicht es aus, dass Sie die Mitteilung \u00fcber die Aus\u00fcbung des Widerrufsrechts vor Ablauf der Widerrufsfrist absenden.Folgen des WiderrufsWenn Sie diesen Vertrag widerrufen, haben wir Ihnen alle Zahlungen, die wir von Ihnen erhalten haben, einschlie\u00dflich der Lieferkosten (mit Ausnahme der zus\u00e4tzlichen Kosten, die sich daraus ergeben, dass Sie eine andere Art der Lieferung als die von uns angebotene, g\u00fcnstigste Standardlieferung gew\u00e4hlt haben), unverz\u00fcglich und sp\u00e4testens binnen vierzehn Tagen ab dem Tag zur\u00fcckzuzahlen, an dem die Mitteilung \u00fcber Ihren Widerruf dieses Vertrags bei uns eingegangen ist. F\u00fcr diese R\u00fcckzahlung verwenden wir dasselbe Zahlungsmittel, das Sie bei der urspr\u00fcnglichen Transaktion eingesetzt haben, es sei denn, mit Ihnen wurde ausdr\u00fccklich etwas anderes vereinbart; in keinem Fall werden Ihnen wegen dieser R\u00fcckzahlung Entgelte berechnet. Wir k\u00f6nnen die R\u00fcckzahlung verweigern, bis wir die Waren wieder zur\u00fcckerhalten haben oder bis Sie den Nachweis erbracht haben, dass Sie die Waren zur\u00fcckgesandt haben, je nachdem, welches der fr\u00fchere Zeitpunkt ist.Sie haben die Waren unverz\u00fcglich und in jedem Fall sp\u00e4testens binnen vierzehn Tagen ab dem Tag, an dem Sie uns \u00fcber den Widerruf dieses Vertrags unterrichten, an uns zur\u00fcckzusenden oder zu \u00fcbergeben. Die Frist ist gewahrt, wenn Sie die Waren vor Ablauf der Frist von vierzehn Tagen absenden. Sie tragen die unmittelbaren Kosten der R\u00fccksendung der Waren.Sie m\u00fcssen f\u00fcr einen etwaigen Wertverlust der Waren nur aufkommen, wenn dieser Wertverlust auf einen zur Pr\u00fcfung der Beschaffenheit, Eigenschaften und Funktionsweise der Waren nicht notwendigen Umgang mit ihnen zur\u00fcckzuf\u00fchren ist.Das Widerrufsrecht besteht nicht bei Fernabsatzvertr\u00e4gen<ul><li>zur Lieferung von Waren, die schnell verderben k\u00f6nnen oder deren Verfallsdatum schnell \u00fcberschritten w\u00fcrde,<\/li><li>zur Lieferung versiegelter Waren, die aus Gr\u00fcnden des Gesundheitsschutzes oder der Hygiene nicht zur R\u00fcckgabe geeignet sind, wenn ihre Versiegelung nach der Lieferung entfernt wurde,<\/li><li>zur Lieferung alkoholischer Getr\u00e4nke, deren Preis bei Vertragsschluss vereinbart wurde, die aber fr\u00fchestens 30 Tage nach Vertragsschluss geliefert werden k\u00f6nnen und deren aktueller Wert von Schwankungen auf dem Markt abh\u00e4ngt, auf die der Unternehmer keinen Einfluss hat.<\/li><\/ul><\/li><li>R\u00fccksendemodalit\u00e4ten<ol type=\"a\"><li>Der Kunde ist angehalten, Besch\u00e4digungen und Verunreinigungen zu vermeiden, damit die Ware in wiederverkaufsf\u00e4higem Zustand an WAGNER-WEINGUT zur\u00fcckgesandt werden kann. Hierf\u00fcr sollte m\u00f6glichst die Originalverpackung verwandt werden. Sollte die Originalverpackung nicht mehr vorhanden sein, kann der Kunde mit einer anderen geeigneten Verpackung f\u00fcr einen ausreichenden Schutz vor Transportsch\u00e4den sorgen.&nbsp;<\/li><li>Der zuvor genannte Absatz ist keine Voraussetzung f\u00fcr die wirksame Aus\u00fcbung des Widerrufsrechts.&nbsp;<\/li><\/ol><\/li><li>Transportsch\u00e4denWerden Waren mit offensichtlichen Transportsch\u00e4den angeliefert, so sollte der Kunde solche Fehler m\u00f6glichst sofort beim Zusteller reklamieren und unverz\u00fcglich Kontakt mit WAGNER-WEINGUT aufnehmen. Die Vers\u00e4umung einer Reklamation oder Kontaktaufnahme hat f\u00fcr die gesetzlichen Anspr\u00fcche des Kunden und deren Durchsetzung, insbesondere seiner Gew\u00e4hrleistungsrechte, keinerlei Konsequenzen. WAGNER-WEINGUT wird dadurch erm\u00f6glicht, seine eigenen Anspr\u00fcche gegen\u00fcber dem Frachtf\u00fchrer bzw. Transportversicherung geltend machen zu k\u00f6nnen.<\/li><li>EigentumsvorbehaltWAGNER-WEINGUT beh\u00e4lt sich das Eigentum an der gelieferten Sache bis zur vollst\u00e4ndigen Zahlung s\u00e4mtlicher Forderungen aus dem Liefervertrag vor.&nbsp;<\/li><li>Gew\u00e4hrleistung<ol type=\"a\"><li>Bei allen Waren aus dem Online-Shop von WAGNER-WEINGUT bestehen gesetzliche Gew\u00e4hrleistungsrechte.<\/li><li>Handelt es sich bei dem Kunden um einen Unternehmer im Sinne des BGB, so ist dieser aufgrund \u00a7&nbsp;377 HGB zur unverz\u00fcglichen M\u00e4ngelr\u00fcge verpflichtet. Er muss also den Mangel unverz\u00fcglich nach Erhalt der Ware von WAGNER-WEINGUT schriftlich anzeigen. Unterl\u00e4sst er dies, so ist die Geltendmachung von Gew\u00e4hrleistungsanspr\u00fcchen ausgeschlossen.<\/li><\/ol><\/li><li>Weinstein etc.Weinstein und Depot sind nicht qualit\u00e4tsmindernd und keine Gr\u00fcnde f\u00fcr eine Reklamation. Korkschmecker und andere deutliche Weinfehler werden gegen Vorlage des Weines bis maximal 2 Jahre nach Kauf ersetzt.<\/li><li>Streitschlichtung<ol type=\"a\"><li>Hiermit informieren WAGNER-WEINGUT \u00fcber die Online Dispute Resolution (ODR). Unter folgendem Link stellt die EU eine Streitschlichtungsplattform zur Verf\u00fcgung: http:\/\/ec.europa.eu\/consumers\/odr\/&nbsp;<\/li><li>Gem. \u00a7 36 Abs. 1 Nr. 1 Verbraucherstreitbeilegungsgesetz (VSBG) weist WAGNER-WEINGUT darauf hin, dass WAGNER-WEINGUT weder bereit noch verpflichtet ist, an Streitbeilegungsverfahren vor Verbraucherschlichtungsstellen teilzunehmen.<\/li><\/ol><\/li><li>Gerichtsstand<ol type=\"a\"><li>Sofern es sich beim Kunden um einen Unternehmer handelt, ist Gerichtsstand f\u00fcr alle Streitigkeiten aus Vertragsverh\u00e4ltnissen zwischen dem Kunden und WAGNER-WEINGUT das f\u00fcr den diesseitigen Firmensitz zust\u00e4ndige Gericht in Breisach am Rhein.<\/li><li>Unabh\u00e4ngig hiervon ist WAGNER-WEINGUT in jedem Falle berechtigt, gegen den Kunden an einem anderen gesetzlichen Gerichtsstand Klage zu erheben.<\/li><li>Ist der Kunde hingegen Verbraucher im Sinne des BGB, so gilt Folgendes:<\/li><li>Klagen von WAGNER-WEINGUT gegen den Verbraucher sind entsprechend des gesetzlichen Gerichtsstandes nach \u00a7 13 ZPO am Wohnsitz des Kunden zu erheben.<\/li><\/ol><\/li><\/ol>","protected":false},"excerpt":{"rendered":"<p>Allgemeines, Geltungsbereich dieser AGB F\u00fcr die zwischen Weingut Peter Wagner, Inhaber: Peter Wagner, Hauptstr. 32, 79235 Vogtsburg-Oberrotweil (im Nachfolgenden: WAGNER-WEINGUT genannt) und dem Besteller (im Folgenden: KUNDE genannt) geschlossenen Vertr\u00e4ge gelten die nachfolgenden Allgemeinen Gesch\u00e4ftsbedingungen. Es wird der Einbeziehung von eigenen allgemeinen Gesch\u00e4ftsbedingungen des Kunden widersprochen, es sei denn, die Parteien vereinbaren hierzu etwas anderes.&hellip;<\/p>","protected":false},"author":1,"featured_media":0,"parent":0,"menu_order":0,"comment_status":"closed","ping_status":"closed","template":"","meta":{"footnotes":""},"acf":[],"_links":{"self":[{"href":"https:\/\/www.wagner-weingut.de\/en\/wp-json\/wp\/v2\/pages\/592"}],"collection":[{"href":"https:\/\/www.wagner-weingut.de\/en\/wp-json\/wp\/v2\/pages"}],"about":[{"href":"https:\/\/www.wagner-weingut.de\/en\/wp-json\/wp\/v2\/types\/page"}],"author":[{"embeddable":true,"href":"https:\/\/www.wagner-weingut.de\/en\/wp-json\/wp\/v2\/users\/1"}],"replies":[{"embeddable":true,"href":"https:\/\/www.wagner-weingut.de\/en\/wp-json\/wp\/v2\/comments?post=592"}],"version-history":[{"count":1,"href":"https:\/\/www.wagner-weingut.de\/en\/wp-json\/wp\/v2\/pages\/592\/revisions"}],"predecessor-version":[{"id":610,"href":"https:\/\/www.wagner-weingut.de\/en\/wp-json\/wp\/v2\/pages\/592\/revisions\/610"}],"wp:attachment":[{"href":"https:\/\/www.wagner-weingut.de\/en\/wp-json\/wp\/v2\/media?parent=592"}],"curies":[{"name":"wp","href":"https:\/\/api.w.org\/{rel}","templated":true}]}}