{"id":9,"date":"2017-03-14T16:25:25","date_gmt":"2017-03-14T15:25:25","guid":{"rendered":"http:\/\/www.wagner-weingut.de\/?page_id=9"},"modified":"2020-11-02T21:01:56","modified_gmt":"2020-11-02T20:01:56","slug":"philosophie","status":"publish","type":"page","link":"https:\/\/www.wagner-weingut.de\/en\/philosophie\/","title":{"rendered":"DAS WEINGUT"},"content":{"rendered":"<div class=\"wpb-content-wrapper\"><div class=\"vc-row-container container\"><div class=\"vc_row wpb_row vc_row-fluid\"><div class=\"wpb_column vc_column_container vc_col-sm-6\"><div class=\"vc_column-inner\"><div class=\"wpb_wrapper\">\n\t<div class=\"wpb_text_column wpb_content_element  post-formatting\" >\n\t\t<div class=\"wpb_wrapper\">\n\t\t\t<p style=\"text-align: left;\">We are a small, family owned wine estate in Oberrotweil in the Kaiserstuhl region. We are specialized on the burgundy varieties such as Sp\u00e4tburgunder (Pinot Noir), Grauburgunder (Pinot Gris), and Chardonnay. Additionally we grow M\u00fcller-Thurgau, as it has a longstanding history at the Kaiserstuhl.<\/p>\n<p style=\"text-align: left;\">The miscellaneous volcanic soil types give our wines a distinctive aroma. It can be characterized as a high minerality, freshness, acidity, and length.<br \/>\nThe Guts-and Lagenweine (Regionals and Villages) grow on loamy soil that sits on top of the volcanic rocks of the Kaiserstuhl. Due to the reallocation of land the Kasierstuhl is divided into terrasses of multiple sizes. The Lagenweine (Crus) such as the Henkenberg, Schlossberg, and Eichberg consists of black weathered volcanic soil, called Tephrit. As the soil of our vineyards is the greates good we are only using organic fertilizers, such as the dung of our horse Baro. Apart from that we sow in endemic weeds and herbs that strengthen the soil organisms and increase biodiversity. \nNew vineyards are consistently replanted with vines from France.<\/p>\n<p style=\"text-align: left;\">All of our wines are dry. We vinify our wines in stainless steel tanks or in oak barrels of different sizes, depending on the vintage, variety, and terroir.  A long aging on the full yeast gives distinction to the wines. Furthermore we do not use any clearing agents and are only filtered when it is necessary. During the whole grape growing and wine making process we try towork in a natural and noninvasive  way -traditional with a modern orientation.<\/p>\n\n\t\t<\/div>\n\t<\/div>\n\n\t<div  class=\"wpb_single_image wpb_content_element vc_align_left\">\n\t\t\n\t\t<figure class=\"wpb_wrapper vc_figure\">\n\t\t\t<div class=\"vc_single_image-wrapper   vc_box_border_grey\"><img width=\"768\" height=\"1024\" src=\"https:\/\/www.wagner-weingut.de\/wp-content\/uploads\/peter-wagner-weinkeller-09-768x1024.jpg\" class=\"vc_single_image-img attachment-large\" alt=\"\" decoding=\"async\" title=\"peter-wagner-weinkeller-09\" loading=\"lazy\" srcset=\"https:\/\/www.wagner-weingut.de\/wp-content\/uploads\/peter-wagner-weinkeller-09-768x1024.jpg 768w, https:\/\/www.wagner-weingut.de\/wp-content\/uploads\/peter-wagner-weinkeller-09-550x733.jpg 550w, https:\/\/www.wagner-weingut.de\/wp-content\/uploads\/peter-wagner-weinkeller-09-820x1093.jpg 820w, https:\/\/www.wagner-weingut.de\/wp-content\/uploads\/peter-wagner-weinkeller-09-225x300.jpg 225w, https:\/\/www.wagner-weingut.de\/wp-content\/uploads\/peter-wagner-weinkeller-09-1152x1536.jpg 1152w, https:\/\/www.wagner-weingut.de\/wp-content\/uploads\/peter-wagner-weinkeller-09-1116x1488.jpg 1116w, https:\/\/www.wagner-weingut.de\/wp-content\/uploads\/peter-wagner-weinkeller-09-806x1075.jpg 806w, https:\/\/www.wagner-weingut.de\/wp-content\/uploads\/peter-wagner-weinkeller-09-558x744.jpg 558w, https:\/\/www.wagner-weingut.de\/wp-content\/uploads\/peter-wagner-weinkeller-09-655x873.jpg 655w, https:\/\/www.wagner-weingut.de\/wp-content\/uploads\/peter-wagner-weinkeller-09.jpg 1200w\" sizes=\"(max-width: 768px) 100vw, 768px\" \/><\/div>\n\t\t<\/figure>\n\t<\/div>\n<\/div><\/div><\/div><div class=\"wpb_column vc_column_container vc_col-sm-6\"><div class=\"vc_column-inner\"><div class=\"wpb_wrapper\">\n\t<div  class=\"wpb_single_image wpb_content_element vc_align_left\">\n\t\t\n\t\t<figure class=\"wpb_wrapper vc_figure\">\n\t\t\t<div class=\"vc_single_image-wrapper   vc_box_border_grey\"><img class=\"vc_single_image-img\" src=\"https:\/\/www.wagner-weingut.de\/wp-content\/uploads\/peter-wagner-eichelmann-600x401.jpg\" width=\"600\" height=\"401\" alt=\"peter-wagner-eichelmann\" title=\"peter-wagner-eichelmann\" loading=\"lazy\" \/><\/div>\n\t\t<\/figure>\n\t<\/div>\n<\/div><\/div><\/div><\/div><\/div>\n<\/div>","protected":false},"excerpt":{"rendered":"Wir sind ein kleines familiengef\u00fchrtes Weingut in Oberrotweil im Kaiserstuhl, das sich auf die Burgundersorten Sp\u00e4tburgunder, Grauburgunder und Chardonnay spezialisiert hat. Einzige Ausnahme ist unser M\u00fcller-Thurgau, der eine langj\u00e4hrige Tradition am Kaiserstuhl hat. Die verschiedenen vulkanischen Bodenstrukturen verleihen unseren Weinen einen unverwechselbaren Charakter. Dieser zeichnet sich durch Klarheit, Frische, S\u00e4ure und Mineralit\u00e4t aus. Die Guts-&hellip;","protected":false},"author":1,"featured_media":0,"parent":0,"menu_order":0,"comment_status":"closed","ping_status":"closed","template":"","meta":{"footnotes":""},"acf":[],"_links":{"self":[{"href":"https:\/\/www.wagner-weingut.de\/en\/wp-json\/wp\/v2\/pages\/9"}],"collection":[{"href":"https:\/\/www.wagner-weingut.de\/en\/wp-json\/wp\/v2\/pages"}],"about":[{"href":"https:\/\/www.wagner-weingut.de\/en\/wp-json\/wp\/v2\/types\/page"}],"author":[{"embeddable":true,"href":"https:\/\/www.wagner-weingut.de\/en\/wp-json\/wp\/v2\/users\/1"}],"replies":[{"embeddable":true,"href":"https:\/\/www.wagner-weingut.de\/en\/wp-json\/wp\/v2\/comments?post=9"}],"version-history":[{"count":25,"href":"https:\/\/www.wagner-weingut.de\/en\/wp-json\/wp\/v2\/pages\/9\/revisions"}],"predecessor-version":[{"id":472,"href":"https:\/\/www.wagner-weingut.de\/en\/wp-json\/wp\/v2\/pages\/9\/revisions\/472"}],"wp:attachment":[{"href":"https:\/\/www.wagner-weingut.de\/en\/wp-json\/wp\/v2\/media?parent=9"}],"curies":[{"name":"wp","href":"https:\/\/api.w.org\/{rel}","templated":true}]}}